{"id":2248,"date":"2021-10-18T10:35:41","date_gmt":"2021-10-18T10:35:41","guid":{"rendered":"https:\/\/monteksrl.it\/domaines-dapplication-des-engrenages-cylindriques-et-coniques\/"},"modified":"2023-05-03T09:54:48","modified_gmt":"2023-05-03T09:54:48","slug":"https-monteksrl-fr-domaines-application-engrenages-cylindriques-coniques","status":"publish","type":"page","link":"https:\/\/monteksrl.it\/fr\/https-monteksrl-fr-domaines-application-engrenages-cylindriques-coniques\/","title":{"rendered":"DOMAINES D\u2019APPLICATION"},"content":{"rendered":"<p><div class=\"fusion-fullwidth fullwidth-box fusion-builder-row-1 fusion-flex-container hundred-percent-fullwidth non-hundred-percent-height-scrolling\" style=\"--awb-background-position:left top;--awb-border-sizes-top:0px;--awb-border-sizes-bottom:0px;--awb-border-sizes-left:0px;--awb-border-sizes-right:0px;--awb-border-radius-top-left:0px;--awb-border-radius-top-right:0px;--awb-border-radius-bottom-right:0px;--awb-border-radius-bottom-left:0px;--awb-padding-top:0px;--awb-padding-right:0px;--awb-padding-bottom:0px;--awb-padding-left:0px;--awb-background-color:#228acb;--awb-flex-wrap:wrap;\" ><div class=\"fusion-builder-row fusion-row fusion-flex-align-items-stretch fusion-flex-justify-content-center fusion-flex-content-wrap\" style=\"width:calc( 100% + 0px ) !important;max-width:calc( 100% + 0px ) !important;margin-left: calc(-0px \/ 2 );margin-right: calc(-0px \/ 2 );\"><div class=\"fusion-layout-column fusion_builder_column fusion-builder-column-0 fusion_builder_column_5_6 5_6 fusion-flex-column fusion-animated\" style=\"--awb-padding-top:4%;--awb-padding-right:12%;--awb-padding-bottom:5%;--awb-padding-left:12%;--awb-bg-size:cover;--awb-width-large:83.333333333333%;--awb-margin-top-large:0px;--awb-spacing-right-large:0px;--awb-margin-bottom-large:0px;--awb-spacing-left-large:0px;--awb-width-medium:100%;--awb-order-medium:0;--awb-spacing-right-medium:0px;--awb-spacing-left-medium:0px;--awb-width-small:100%;--awb-order-small:0;--awb-spacing-right-small:0px;--awb-spacing-left-small:0px;\" data-animationType=\"fadeInDown\" data-animationDuration=\"1.0\" data-animationOffset=\"top-into-view\"><div class=\"fusion-column-wrapper fusion-column-has-shadow fusion-flex-justify-content-center fusion-content-layout-column\"><div class=\"fusion-text fusion-text-1\" style=\"--awb-text-color:#ffffff;\"><p>Les domaines d&rsquo;application de nos engrenages <a style=\"color: #fff;\" title=\"Engrenages cylindriques\" href=\"https:\/\/monteksrl.it\/fr\/engrenages-cylindriques\/\"><strong>cylindriques<\/strong><\/a> e <a style=\"color: #fff;\" title=\"Engrenages coniques\" href=\"https:\/\/monteksrl.it\/fr\/engrenages-coniques-a-dents-droites\/\"><strong>coniques <\/strong><\/a> sont les suivants:<\/p>\n<\/div><ul style=\"--awb-iconcolor:#ffffff;--awb-line-height:30.6px;--awb-icon-width:30.6px;--awb-icon-height:30.6px;--awb-icon-margin:12.6px;--awb-content-margin:43.2px;\" class=\"fusion-checklist fusion-checklist-1 fusion-checklist-default type-icons\"><li class=\"fusion-li-item\" style=\"\"><span class=\"icon-wrapper circle-no\"><i class=\"fusion-li-icon awb-icon-check\" aria-hidden=\"true\"><\/i><\/span><div class=\"fusion-li-item-content\"><span style=\"color: #fff;\">Agriculture<\/span><\/div><\/li><li class=\"fusion-li-item\" style=\"\"><span class=\"icon-wrapper circle-no\"><i class=\"fusion-li-icon awb-icon-check\" aria-hidden=\"true\"><\/i><\/span><div class=\"fusion-li-item-content\"><span style=\"color: #fff;\">Automobile<\/span><\/div><\/li><li class=\"fusion-li-item\" style=\"\"><span class=\"icon-wrapper circle-no\"><i class=\"fusion-li-icon awb-icon-check\" aria-hidden=\"true\"><\/i><\/span><div class=\"fusion-li-item-content\"><span style=\"color: #fff;\">Transport<\/span><\/div><\/li><li class=\"fusion-li-item\" style=\"\"><span class=\"icon-wrapper circle-no\"><i class=\"fusion-li-icon awb-icon-check\" aria-hidden=\"true\"><\/i><\/span><div class=\"fusion-li-item-content\"><span style=\"color: #fff;\">Terrassement<\/span><\/div><\/li><li class=\"fusion-li-item\" style=\"\"><span class=\"icon-wrapper circle-no\"><i class=\"fusion-li-icon awb-icon-check\" aria-hidden=\"true\"><\/i><\/span><div class=\"fusion-li-item-content\"><span style=\"color: #fff;\">Machines automatiques<\/span><\/div><\/li><\/ul><div class=\"fusion-text fusion-text-2\" style=\"--awb-text-color:#ffffff;--awb-margin-top:15px;\"><p>Gr\u00e2ce \u00e0 plus d&rsquo;une d\u00e9cennie d&rsquo;exp\u00e9rience dans le domaine des engrenages coniques et cylindriques, nous sommes en mesure de fournir diff\u00e9rents types de pi\u00e8ces pour des applications agricoles, des composants de machines et des \u00e9quipements pour des secteurs \u00e9galement soumis \u00e0 des exigences l\u00e9gales particuli\u00e8res.<\/p>\n<p>Nous fournissons des composants pour l&rsquo;industrie de la construction travaillant dans des conditions particuli\u00e8rement d\u00e9favorables (engins de terrassement), ou pour des secteurs o\u00f9 la qualit\u00e9 et la pr\u00e9cision des tol\u00e9rances et le souci du d\u00e9tail sont essentiels.<\/p>\n<p>Nos engrenages sont utilis\u00e9s pour la transmission du mouvement de rotation entre deux axes parall\u00e8les, dans le secteur des transports.<\/p>\n<\/div><\/div><\/div><\/div><\/div><div id=\"liste\" class=\"fusion-container-anchor\"><div class=\"fusion-fullwidth fullwidth-box fusion-builder-row-2 fusion-flex-container hundred-percent-fullwidth non-hundred-percent-height-scrolling\" style=\"--awb-background-position:left top;--awb-border-sizes-top:0px;--awb-border-sizes-bottom:0px;--awb-border-sizes-left:0px;--awb-border-sizes-right:0px;--awb-border-radius-top-left:0px;--awb-border-radius-top-right:0px;--awb-border-radius-bottom-right:0px;--awb-border-radius-bottom-left:0px;--awb-padding-top:0px;--awb-padding-right:0px;--awb-padding-bottom:0px;--awb-padding-left:0px;--awb-padding-right-medium:40px;--awb-padding-left-medium:40px;--awb-flex-wrap:wrap;\" ><div class=\"fusion-builder-row fusion-row fusion-flex-align-items-flex-start fusion-flex-justify-content-center fusion-flex-content-wrap\" style=\"width:calc( 100% + 0px ) !important;max-width:calc( 100% + 0px ) !important;margin-left: calc(-0px \/ 2 );margin-right: calc(-0px \/ 2 );\"><div class=\"fusion-layout-column fusion_builder_column fusion-builder-column-1 fusion_builder_column_2_5 2_5 fusion-flex-column fusion-animated\" style=\"--awb-padding-top:60px;--awb-padding-bottom:50px;--awb-padding-top-small:30px;--awb-padding-right-small:0px;--awb-padding-bottom-small:30px;--awb-padding-left-small:0px;--awb-bg-position:center center;--awb-bg-size:cover;--awb-width-large:40%;--awb-margin-top-large:0px;--awb-spacing-right-large:0px;--awb-margin-bottom-large:0px;--awb-spacing-left-large:0px;--awb-width-medium:100%;--awb-order-medium:0;--awb-spacing-right-medium:0px;--awb-spacing-left-medium:0px;--awb-width-small:100%;--awb-order-small:0;--awb-spacing-right-small:0px;--awb-spacing-left-small:0px;\" data-animationType=\"fadeInDown\" data-animationDuration=\"1.0\" data-animationOffset=\"top-into-view\"><div class=\"fusion-column-wrapper fusion-column-has-shadow fusion-flex-justify-content-flex-start fusion-content-layout-column\"><div class=\"fusion-title title fusion-title-1 fusion-sep-none fusion-title-text fusion-title-size-three\" style=\"--awb-margin-top:15px;\"><h3 class=\"fusion-title-heading title-heading-left fusion-responsive-typography-calculated\" style=\"margin:0;--fontSize:68;line-height:1;\"><p>Applications des<br \/>\nengrenages cylindriques<\/p><\/h3><\/div><ul style=\"--awb-line-height:30.6px;--awb-icon-width:30.6px;--awb-icon-height:30.6px;--awb-icon-margin:12.6px;--awb-content-margin:43.2px;\" class=\"fusion-checklist fusion-checklist-2 fusion-checklist-default type-icons\"><li class=\"fusion-li-item\" style=\"\"><span class=\"icon-wrapper circle-no\"><i class=\"fusion-li-icon awb-icon-check\" aria-hidden=\"true\"><\/i><\/span><div class=\"fusion-li-item-content\">r\u00e9ducteurs ferroviaires<\/div><\/li><li class=\"fusion-li-item\" style=\"\"><span class=\"icon-wrapper circle-no\"><i class=\"fusion-li-icon awb-icon-check\" aria-hidden=\"true\"><\/i><\/span><div class=\"fusion-li-item-content\">transferts et inverseurs<\/div><\/li><li class=\"fusion-li-item\" style=\"\"><span class=\"icon-wrapper circle-no\"><i class=\"fusion-li-icon awb-icon-check\" aria-hidden=\"true\"><\/i><\/span><div class=\"fusion-li-item-content\">essieux moteurs<\/div><\/li><li class=\"fusion-li-item\" style=\"\"><span class=\"icon-wrapper circle-no\"><i class=\"fusion-li-icon awb-icon-check\" aria-hidden=\"true\"><\/i><\/span><div class=\"fusion-li-item-content\">pi\u00e8ces d\u00e9tach\u00e9es pour le march\u00e9 de l&rsquo;apr\u00e8s-vente<\/div><\/li><li class=\"fusion-li-item\" style=\"\"><span class=\"icon-wrapper circle-no\"><i class=\"fusion-li-icon awb-icon-check\" aria-hidden=\"true\"><\/i><\/span><div class=\"fusion-li-item-content\">machines automatiques<\/div><\/li><li class=\"fusion-li-item\" style=\"\"><span class=\"icon-wrapper circle-no\"><i class=\"fusion-li-icon awb-icon-check\" aria-hidden=\"true\"><\/i><\/span><div class=\"fusion-li-item-content\">machines agricoles et engins de terrassement<\/div><\/li><li class=\"fusion-li-item\" style=\"\"><span class=\"icon-wrapper circle-no\"><i class=\"fusion-li-icon awb-icon-check\" aria-hidden=\"true\"><\/i><\/span><div class=\"fusion-li-item-content\">automobile<\/div><\/li><li class=\"fusion-li-item\" style=\"\"><span class=\"icon-wrapper circle-no\"><i class=\"fusion-li-icon awb-icon-check\" aria-hidden=\"true\"><\/i><\/span><div class=\"fusion-li-item-content\">r\u00e9ducteur \u00e0 vis sans fin<\/div><\/li><li class=\"fusion-li-item\" style=\"\"><span class=\"icon-wrapper circle-no\"><i class=\"fusion-li-icon awb-icon-check\" aria-hidden=\"true\"><\/i><\/span><div class=\"fusion-li-item-content\">r\u00e9ducteurs \u00e9picyclo\u00efdaux<\/div><\/li><li class=\"fusion-li-item\" style=\"\"><span class=\"icon-wrapper circle-no\"><i class=\"fusion-li-icon awb-icon-check\" aria-hidden=\"true\"><\/i><\/span><div class=\"fusion-li-item-content\">multiplicateurs et r\u00e9ducteurs hydrauliques<\/div><\/li><\/ul><\/div><\/div><div class=\"fusion-layout-column fusion_builder_column fusion-builder-column-2 fusion_builder_column_2_5 2_5 fusion-flex-column fusion-animated\" style=\"--awb-padding-top:60px;--awb-padding-bottom:50px;--awb-padding-top-small:30px;--awb-padding-right-small:0px;--awb-padding-bottom-small:30px;--awb-padding-left-small:0px;--awb-bg-position:center center;--awb-bg-size:cover;--awb-width-large:40%;--awb-margin-top-large:0px;--awb-spacing-right-large:0px;--awb-margin-bottom-large:0px;--awb-spacing-left-large:0px;--awb-width-medium:100%;--awb-order-medium:0;--awb-spacing-right-medium:0px;--awb-spacing-left-medium:0px;--awb-width-small:100%;--awb-order-small:0;--awb-spacing-right-small:0px;--awb-spacing-left-small:0px;\" data-animationType=\"fadeInDown\" data-animationDuration=\"1.0\" data-animationOffset=\"top-into-view\"><div class=\"fusion-column-wrapper fusion-column-has-shadow fusion-flex-justify-content-flex-start fusion-content-layout-column\"><div class=\"fusion-title title fusion-title-2 fusion-sep-none fusion-title-text fusion-title-size-three\" style=\"--awb-margin-top:15px;\"><h3 class=\"fusion-title-heading title-heading-left fusion-responsive-typography-calculated\" style=\"margin:0;--fontSize:68;line-height:1;\">Applications des<br \/>\nENGRENAGES CONIQUES<\/h3><\/div><ul style=\"--awb-line-height:30.6px;--awb-icon-width:30.6px;--awb-icon-height:30.6px;--awb-icon-margin:12.6px;--awb-content-margin:43.2px;\" class=\"fusion-checklist fusion-checklist-3 fusion-checklist-default type-icons\"><li class=\"fusion-li-item\" style=\"\"><span class=\"icon-wrapper circle-no\"><i class=\"fusion-li-icon awb-icon-check\" aria-hidden=\"true\"><\/i><\/span><div class=\"fusion-li-item-content\">machines automatiques<\/div><\/li><li class=\"fusion-li-item\" style=\"\"><span class=\"icon-wrapper circle-no\"><i class=\"fusion-li-icon awb-icon-check\" aria-hidden=\"true\"><\/i><\/span><div class=\"fusion-li-item-content\">automobile<\/div><\/li><li class=\"fusion-li-item\" style=\"\"><span class=\"icon-wrapper circle-no\"><i class=\"fusion-li-icon awb-icon-check\" aria-hidden=\"true\"><\/i><\/span><div class=\"fusion-li-item-content\">machines agricoles et engins de terrassement<\/div><\/li><li class=\"fusion-li-item\" style=\"\"><span class=\"icon-wrapper circle-no\"><i class=\"fusion-li-icon awb-icon-check\" aria-hidden=\"true\"><\/i><\/span><div class=\"fusion-li-item-content\">engrenages coniques pour pompes hydrauliques<\/div><\/li><li class=\"fusion-li-item\" style=\"\"><span class=\"icon-wrapper circle-no\"><i class=\"fusion-li-icon awb-icon-check\" aria-hidden=\"true\"><\/i><\/span><div class=\"fusion-li-item-content\">pi\u00e8ces d\u00e9tach\u00e9es pour le march\u00e9 de l&rsquo;apr\u00e8s-vente<\/div><\/li><li class=\"fusion-li-item\" style=\"\"><span class=\"icon-wrapper circle-no\"><i class=\"fusion-li-icon awb-icon-check\" aria-hidden=\"true\"><\/i><\/span><div class=\"fusion-li-item-content\">diff\u00e9rentiels coniques<\/div><\/li><li class=\"fusion-li-item\" style=\"\"><span class=\"icon-wrapper circle-no\"><i class=\"fusion-li-icon awb-icon-check\" aria-hidden=\"true\"><\/i><\/span><div class=\"fusion-li-item-content\">\n<p>renvois d\u2019angle<\/p>\n<\/div><\/li><li class=\"fusion-li-item\" style=\"\"><span class=\"icon-wrapper circle-no\"><i class=\"fusion-li-icon awb-icon-check\" aria-hidden=\"true\"><\/i><\/span><div class=\"fusion-li-item-content\">essieux moteurs<\/div><\/li><\/ul><\/div><\/div><\/div><\/div><\/div><div class=\"fusion-fullwidth fullwidth-box fusion-builder-row-3 fusion-flex-container has-pattern-background has-mask-background fusion-parallax-none nonhundred-percent-fullwidth non-hundred-percent-height-scrolling lazyload\" style=\"--awb-background-position:center top;--awb-background-blend-mode:multiply;--awb-border-sizes-top:0px;--awb-border-sizes-bottom:0px;--awb-border-sizes-left:0px;--awb-border-sizes-right:0px;--awb-border-radius-top-left:0px;--awb-border-radius-top-right:0px;--awb-border-radius-bottom-right:0px;--awb-border-radius-bottom-left:0px;--awb-padding-bottom:5%;--awb-background-color:rgba(0,65,136,0.79);--awb-background-size:cover;--awb-flex-wrap:wrap;\" data-bg=\"https:\/\/monteksrl.it\/wp-content\/uploads\/2022\/10\/background-ingranaggio-footer.jpg\" ><div class=\"fusion-builder-row fusion-row fusion-flex-align-items-flex-start fusion-flex-justify-content-center fusion-flex-content-wrap\" style=\"max-width:calc( 1170px + 0px );margin-left: calc(-0px \/ 2 );margin-right: calc(-0px \/ 2 );\"><div class=\"fusion-layout-column fusion_builder_column fusion-builder-column-3 fusion_builder_column_1_1 1_1 fusion-flex-column fusion-flex-align-self-flex-start fusion-column-no-min-height fusion-no-small-visibility fusion-no-medium-visibility\" style=\"--awb-bg-blend:overlay;--awb-bg-size:cover;--awb-width-large:100%;--awb-margin-top-large:0px;--awb-spacing-right-large:0px;--awb-margin-bottom-large:7%;--awb-spacing-left-large:0px;--awb-width-medium:100%;--awb-order-medium:0;--awb-spacing-right-medium:0px;--awb-spacing-left-medium:0px;--awb-width-small:100%;--awb-order-small:0;--awb-spacing-right-small:0px;--awb-spacing-left-small:0px;\"><div class=\"fusion-column-wrapper fusion-column-has-shadow fusion-flex-justify-content-flex-start fusion-content-layout-column\"><div class=\"fusion-section-separator section-separator bigtriangle fusion-section-separator-1\" style=\"--awb-spacer-height:99px;--awb-svg-margin-left:0px;--awb-svg-margin-right:0px;--awb-svg-margin-left-medium:0px;--awb-svg-margin-right-medium:0px;--awb-svg-margin-left-small:0px;--awb-svg-margin-right-small:0px;--awb-divider-height:99px;--awb-spacer-padding-top:inherit;--awb-sep-padding:0;--awb-svg-padding:0;\"><div class=\"fusion-section-separator-svg\"><svg class=\"fusion-big-triangle-candy\" xmlns=\"http:\/\/www.w3.org\/2000\/svg\" version=\"1.1\" width=\"100%\" height=\"100\" viewBox=\"0 0 100 100\" preserveAspectRatio=\"none\" fill=\"rgba(255,255,255,1)\"><path d=\"M-1 -1 L50 99 L101 -1 Z\"><\/path><\/svg><\/div><div class=\"fusion-section-separator-spacer\"><div class=\"fusion-section-separator-spacer-height\"><\/div><\/div><\/div><\/div><\/div><div class=\"fusion-layout-column fusion_builder_column fusion-builder-column-4 fusion_builder_column_2_3 2_3 fusion-flex-column fusion-animated\" style=\"--awb-bg-size:cover;--awb-width-large:66.666666666667%;--awb-margin-top-large:60px;--awb-spacing-right-large:calc( 0.03 * calc( 100% - 0px ) );--awb-margin-bottom-large:60px;--awb-spacing-left-large:calc( 0.03 * calc( 100% - 0px ) );--awb-width-medium:100%;--awb-spacing-right-medium:0px;--awb-spacing-left-medium:0px;--awb-width-small:100%;--awb-spacing-right-small:0px;--awb-spacing-left-small:0px;\" data-animationType=\"fadeIn\" data-animationDuration=\"1.0\" data-animationOffset=\"top-into-view\"><div class=\"fusion-column-wrapper fusion-flex-justify-content-flex-start fusion-content-layout-column\"><div class=\"fusion-text fusion-text-3\"><p style=\"text-align: center; font-size: 22px; font-weight: 500; margin-bottom: 0; color: #fff;\">PRODUCTION D&rsquo;ENGRENAGES ET USINAGES M\u00c9CANIQUES \u00c0 BOLOGNE<\/p>\n<\/div><div class=\"fusion-title title fusion-title-3 fusion-sep-none fusion-title-center fusion-title-text fusion-title-size-two\" style=\"--awb-text-color:#ffffff;--awb-margin-top:15px;--awb-font-size:90px;\"><h2 class=\"fusion-title-heading title-heading-center fusion-responsive-typography-calculated\" style=\"margin:0;font-size:1em;--fontSize:90;line-height:1;\">VOUS SOUHAITEZ PLUS D&rsquo;INFORMATIONS?<\/h2><\/div><div style=\"text-align:center;\"><a class=\"fusion-button button-flat button-xlarge button-default fusion-button-default button-1 fusion-button-default-span fusion-button-default-type\" target=\"_self\" title=\"Contactez-nous\" aria-label=\"Contactez-nous\" href=\"\/fr\/contacts\"><span class=\"fusion-button-text\">Contactez-nous<\/span><\/a><\/div><\/div><\/div><\/div><\/div><\/p>\n","protected":false},"excerpt":{"rendered":"","protected":false},"author":1,"featured_media":0,"parent":0,"menu_order":0,"comment_status":"closed","ping_status":"closed","template":"100-width.php","meta":{"footnotes":""},"class_list":["post-2248","page","type-page","status-publish","hentry"],"yoast_head":"<!-- This site is optimized with the Yoast SEO plugin v23.6 - https:\/\/yoast.com\/wordpress\/plugins\/seo\/ -->\n<title>DOMAINES D\u2019APPLICATION - Montek<\/title>\n<meta name=\"description\" content=\"Nous fabriquons des engrenages coniques et cylindriques pour des applications agricoles, des composants automobiles et de terrassement.\" \/>\n<meta name=\"robots\" content=\"index, follow, max-snippet:-1, max-image-preview:large, max-video-preview:-1\" \/>\n<link rel=\"canonical\" href=\"https:\/\/monteksrl.it\/fr\/https-monteksrl-fr-domaines-application-engrenages-cylindriques-coniques\/\" \/>\n<meta property=\"og:locale\" content=\"fr_FR\" \/>\n<meta property=\"og:type\" content=\"article\" \/>\n<meta property=\"og:title\" content=\"DOMAINES D\u2019APPLICATION - Montek\" \/>\n<meta property=\"og:description\" content=\"Nous fabriquons des engrenages coniques et cylindriques pour des applications agricoles, des composants automobiles et de terrassement.\" \/>\n<meta property=\"og:url\" content=\"https:\/\/monteksrl.it\/fr\/https-monteksrl-fr-domaines-application-engrenages-cylindriques-coniques\/\" \/>\n<meta property=\"og:site_name\" content=\"Montek\" \/>\n<meta property=\"article:modified_time\" content=\"2023-05-03T09:54:48+00:00\" \/>\n<meta name=\"twitter:card\" content=\"summary_large_image\" \/>\n<meta name=\"twitter:label1\" content=\"Dur\u00e9e de lecture estim\u00e9e\" \/>\n\t<meta name=\"twitter:data1\" content=\"8 minutes\" \/>\n<script type=\"application\/ld+json\" class=\"yoast-schema-graph\">{\"@context\":\"https:\/\/schema.org\",\"@graph\":[{\"@type\":\"WebPage\",\"@id\":\"https:\/\/monteksrl.it\/fr\/https-monteksrl-fr-domaines-application-engrenages-cylindriques-coniques\/\",\"url\":\"https:\/\/monteksrl.it\/fr\/https-monteksrl-fr-domaines-application-engrenages-cylindriques-coniques\/\",\"name\":\"DOMAINES D\u2019APPLICATION - Montek\",\"isPartOf\":{\"@id\":\"https:\/\/monteksrl.it\/#website\"},\"datePublished\":\"2021-10-18T10:35:41+00:00\",\"dateModified\":\"2023-05-03T09:54:48+00:00\",\"description\":\"Nous fabriquons des engrenages coniques et cylindriques pour des applications agricoles, des composants automobiles et de terrassement.\",\"breadcrumb\":{\"@id\":\"https:\/\/monteksrl.it\/fr\/https-monteksrl-fr-domaines-application-engrenages-cylindriques-coniques\/#breadcrumb\"},\"inLanguage\":\"fr-FR\",\"potentialAction\":[{\"@type\":\"ReadAction\",\"target\":[\"https:\/\/monteksrl.it\/fr\/https-monteksrl-fr-domaines-application-engrenages-cylindriques-coniques\/\"]}]},{\"@type\":\"BreadcrumbList\",\"@id\":\"https:\/\/monteksrl.it\/fr\/https-monteksrl-fr-domaines-application-engrenages-cylindriques-coniques\/#breadcrumb\",\"itemListElement\":[{\"@type\":\"ListItem\",\"position\":1,\"name\":\"Home\",\"item\":\"https:\/\/monteksrl.it\/fr\/\"},{\"@type\":\"ListItem\",\"position\":2,\"name\":\"DOMAINES D\u2019APPLICATION\"}]},{\"@type\":\"WebSite\",\"@id\":\"https:\/\/monteksrl.it\/#website\",\"url\":\"https:\/\/monteksrl.it\/\",\"name\":\"Montek\",\"description\":\"\",\"publisher\":{\"@id\":\"https:\/\/monteksrl.it\/#organization\"},\"potentialAction\":[{\"@type\":\"SearchAction\",\"target\":{\"@type\":\"EntryPoint\",\"urlTemplate\":\"https:\/\/monteksrl.it\/?s={search_term_string}\"},\"query-input\":{\"@type\":\"PropertyValueSpecification\",\"valueRequired\":true,\"valueName\":\"search_term_string\"}}],\"inLanguage\":\"fr-FR\"},{\"@type\":\"Organization\",\"@id\":\"https:\/\/monteksrl.it\/#organization\",\"name\":\"Montek\",\"url\":\"https:\/\/monteksrl.it\/\",\"logo\":{\"@type\":\"ImageObject\",\"inLanguage\":\"fr-FR\",\"@id\":\"https:\/\/monteksrl.it\/#\/schema\/logo\/image\/\",\"url\":\"https:\/\/monteksrl.it\/wp-content\/uploads\/2021\/03\/logoMONTEK.png\",\"contentUrl\":\"https:\/\/monteksrl.it\/wp-content\/uploads\/2021\/03\/logoMONTEK.png\",\"width\":400,\"height\":127,\"caption\":\"Montek\"},\"image\":{\"@id\":\"https:\/\/monteksrl.it\/#\/schema\/logo\/image\/\"}}]}<\/script>\n<!-- \/ Yoast SEO plugin. -->","yoast_head_json":{"title":"DOMAINES D\u2019APPLICATION - Montek","description":"Nous fabriquons des engrenages coniques et cylindriques pour des applications agricoles, des composants automobiles et de terrassement.","robots":{"index":"index","follow":"follow","max-snippet":"max-snippet:-1","max-image-preview":"max-image-preview:large","max-video-preview":"max-video-preview:-1"},"canonical":"https:\/\/monteksrl.it\/fr\/https-monteksrl-fr-domaines-application-engrenages-cylindriques-coniques\/","og_locale":"fr_FR","og_type":"article","og_title":"DOMAINES D\u2019APPLICATION - Montek","og_description":"Nous fabriquons des engrenages coniques et cylindriques pour des applications agricoles, des composants automobiles et de terrassement.","og_url":"https:\/\/monteksrl.it\/fr\/https-monteksrl-fr-domaines-application-engrenages-cylindriques-coniques\/","og_site_name":"Montek","article_modified_time":"2023-05-03T09:54:48+00:00","twitter_card":"summary_large_image","twitter_misc":{"Dur\u00e9e de lecture estim\u00e9e":"8 minutes"},"schema":{"@context":"https:\/\/schema.org","@graph":[{"@type":"WebPage","@id":"https:\/\/monteksrl.it\/fr\/https-monteksrl-fr-domaines-application-engrenages-cylindriques-coniques\/","url":"https:\/\/monteksrl.it\/fr\/https-monteksrl-fr-domaines-application-engrenages-cylindriques-coniques\/","name":"DOMAINES D\u2019APPLICATION - Montek","isPartOf":{"@id":"https:\/\/monteksrl.it\/#website"},"datePublished":"2021-10-18T10:35:41+00:00","dateModified":"2023-05-03T09:54:48+00:00","description":"Nous fabriquons des engrenages coniques et cylindriques pour des applications agricoles, des composants automobiles et de terrassement.","breadcrumb":{"@id":"https:\/\/monteksrl.it\/fr\/https-monteksrl-fr-domaines-application-engrenages-cylindriques-coniques\/#breadcrumb"},"inLanguage":"fr-FR","potentialAction":[{"@type":"ReadAction","target":["https:\/\/monteksrl.it\/fr\/https-monteksrl-fr-domaines-application-engrenages-cylindriques-coniques\/"]}]},{"@type":"BreadcrumbList","@id":"https:\/\/monteksrl.it\/fr\/https-monteksrl-fr-domaines-application-engrenages-cylindriques-coniques\/#breadcrumb","itemListElement":[{"@type":"ListItem","position":1,"name":"Home","item":"https:\/\/monteksrl.it\/fr\/"},{"@type":"ListItem","position":2,"name":"DOMAINES D\u2019APPLICATION"}]},{"@type":"WebSite","@id":"https:\/\/monteksrl.it\/#website","url":"https:\/\/monteksrl.it\/","name":"Montek","description":"","publisher":{"@id":"https:\/\/monteksrl.it\/#organization"},"potentialAction":[{"@type":"SearchAction","target":{"@type":"EntryPoint","urlTemplate":"https:\/\/monteksrl.it\/?s={search_term_string}"},"query-input":{"@type":"PropertyValueSpecification","valueRequired":true,"valueName":"search_term_string"}}],"inLanguage":"fr-FR"},{"@type":"Organization","@id":"https:\/\/monteksrl.it\/#organization","name":"Montek","url":"https:\/\/monteksrl.it\/","logo":{"@type":"ImageObject","inLanguage":"fr-FR","@id":"https:\/\/monteksrl.it\/#\/schema\/logo\/image\/","url":"https:\/\/monteksrl.it\/wp-content\/uploads\/2021\/03\/logoMONTEK.png","contentUrl":"https:\/\/monteksrl.it\/wp-content\/uploads\/2021\/03\/logoMONTEK.png","width":400,"height":127,"caption":"Montek"},"image":{"@id":"https:\/\/monteksrl.it\/#\/schema\/logo\/image\/"}}]}},"_links":{"self":[{"href":"https:\/\/monteksrl.it\/fr\/wp-json\/wp\/v2\/pages\/2248"}],"collection":[{"href":"https:\/\/monteksrl.it\/fr\/wp-json\/wp\/v2\/pages"}],"about":[{"href":"https:\/\/monteksrl.it\/fr\/wp-json\/wp\/v2\/types\/page"}],"author":[{"embeddable":true,"href":"https:\/\/monteksrl.it\/fr\/wp-json\/wp\/v2\/users\/1"}],"replies":[{"embeddable":true,"href":"https:\/\/monteksrl.it\/fr\/wp-json\/wp\/v2\/comments?post=2248"}],"version-history":[{"count":4,"href":"https:\/\/monteksrl.it\/fr\/wp-json\/wp\/v2\/pages\/2248\/revisions"}],"predecessor-version":[{"id":2288,"href":"https:\/\/monteksrl.it\/fr\/wp-json\/wp\/v2\/pages\/2248\/revisions\/2288"}],"wp:attachment":[{"href":"https:\/\/monteksrl.it\/fr\/wp-json\/wp\/v2\/media?parent=2248"}],"curies":[{"name":"wp","href":"https:\/\/api.w.org\/{rel}","templated":true}]}}